{"id":4672,"date":"2025-12-30T10:29:44","date_gmt":"2025-12-30T08:29:44","guid":{"rendered":"https:\/\/autolugu.ee\/pealeht\/"},"modified":"2026-02-15T23:56:11","modified_gmt":"2026-02-15T21:56:11","slug":"pealeht","status":"publish","type":"page","link":"https:\/\/autolugu.ee\/en\/","title":{"rendered":"Pealeht"},"content":{"rendered":"<div data-elementor-type=\"wp-page\" data-elementor-id=\"4672\" class=\"elementor elementor-4672\" data-elementor-post-type=\"page\">\n\t\t\t\t<div class=\"elementor-element elementor-element-69cc805 e-con-full e-flex e-con e-parent\" data-id=\"69cc805\" data-element_type=\"container\" data-e-type=\"container\" data-settings=\"{&quot;background_background&quot;:&quot;classic&quot;}\">\n\t\t<div class=\"elementor-element elementor-element-480caeb e-con-full e-flex e-con e-child\" data-id=\"480caeb\" data-element_type=\"container\" data-e-type=\"container\" data-settings=\"{&quot;background_background&quot;:&quot;classic&quot;}\">\n\t\t\t\t<div class=\"elementor-element elementor-element-c962add elementor-widget__width-initial elementor-widget-tablet__width-inherit elementor-widget elementor-widget-heading\" data-id=\"c962add\" data-element_type=\"widget\" data-e-type=\"widget\" data-widget_type=\"heading.default\">\n\t\t\t\t\t<h1 class=\"elementor-heading-title elementor-size-default\">Save time, money and hassle.<\/h1>\t\t\t\t<\/div>\n\t\t\t\t<div class=\"elementor-element elementor-element-8e4e561 elementor-widget__width-initial elementor-widget-tablet__width-inherit elementor-widget elementor-widget-heading\" data-id=\"8e4e561\" data-element_type=\"widget\" data-e-type=\"widget\" data-widget_type=\"heading.default\">\n\t\t\t\t\t<h5 class=\"elementor-heading-title elementor-size-default\"><a href=\"https:\/\/autolugu.ee\/en\/kuidas-tootab\/\">Enne auto ostmist kontrolli siit, kas keegi on selle auto juba \u00fcle vaadanud.\n\u00dcks jagatud kogemus v\u00f5ib Sind p\u00e4\u00e4sta mitme tuhande euro suurusest veast.\nIgal autol on oma lugu ja k\u00f5ik lood ei ole head.\nAutolugu seob info konkreetse auto VIN-koodiga, et see p\u00fcsiks aus ja seotud \u00f5ige s\u00f5idukiga.<\/a><\/h5>\t\t\t\t<\/div>\n\t\t<div class=\"elementor-element elementor-element-e421f86 e-flex e-con-boxed e-con e-child\" data-id=\"e421f86\" data-element_type=\"container\" data-e-type=\"container\">\n\t\t\t\t\t<div class=\"e-con-inner\">\n\t\t\t\t<div class=\"elementor-element elementor-element-7e61252 elementor-align-left elementor-widget elementor-widget-button\" data-id=\"7e61252\" data-element_type=\"widget\" data-e-type=\"widget\" data-widget_type=\"button.default\">\n\t\t\t\t\t\t\t\t\t\t<a class=\"elementor-button elementor-button-link elementor-size-sm\" href=\"https:\/\/autolugu.ee\/en\/foorum\/\">\n\t\t\t\t\t\t<span class=\"elementor-button-content-wrapper\">\n\t\t\t\t\t\t\t\t\t<span class=\"elementor-button-text\"> Browse Forum<\/span>\n\t\t\t\t\t<\/span>\n\t\t\t\t\t<\/a>\n\t\t\t\t\t\t\t\t<\/div>\n\t\t\t\t<div class=\"elementor-element elementor-element-c617d30 elementor-align-left elementor-widget elementor-widget-button\" data-id=\"c617d30\" data-element_type=\"widget\" data-e-type=\"widget\" data-widget_type=\"button.default\">\n\t\t\t\t\t\t\t\t\t\t<a class=\"elementor-button elementor-button-link elementor-size-sm\" href=\"https:\/\/autolugu.ee\/en\/kogukond\/vin-autod-vin-autod\/\">\n\t\t\t\t\t\t<span class=\"elementor-button-content-wrapper\">\n\t\t\t\t\t\t\t\t\t<span class=\"elementor-button-text\">Add a Vehicle<\/span>\n\t\t\t\t\t<\/span>\n\t\t\t\t\t<\/a>\n\t\t\t\t\t\t\t\t<\/div>\n\t\t\t\t<div class=\"elementor-element elementor-element-446037b elementor-align-left elementor-widget elementor-widget-button\" data-id=\"446037b\" data-element_type=\"widget\" data-e-type=\"widget\" data-widget_type=\"button.default\">\n\t\t\t\t\t\t\t\t\t\t<a class=\"elementor-button elementor-button-link elementor-size-sm\" href=\"https:\/\/autolugu.ee\/en\/kogukond\/?wpfs=\">\n\t\t\t\t\t\t<span class=\"elementor-button-content-wrapper\">\n\t\t\t\t\t\t\t\t\t<span class=\"elementor-button-text\">Search by VIN<\/span>\n\t\t\t\t\t<\/span>\n\t\t\t\t\t<\/a>\n\t\t\t\t\t\t\t\t<\/div>\n\t\t\t\t\t<\/div>\n\t\t\t\t<\/div>\n\t\t\t\t<\/div>\n\t\t\t\t<\/div>\n\t\t<div class=\"elementor-element elementor-element-7b98230 e-flex e-con-boxed e-con e-parent\" data-id=\"7b98230\" data-element_type=\"container\" data-e-type=\"container\">\n\t\t\t\t\t<div class=\"e-con-inner\">\n\t\t\t\t<div class=\"elementor-element elementor-element-e9ae5ac elementor-widget__width-auto elementor-widget-tablet__width-inherit elementor-widget elementor-widget-heading\" data-id=\"e9ae5ac\" data-element_type=\"widget\" data-e-type=\"widget\" data-widget_type=\"heading.default\">\n\t\t\t\t\t<h1 class=\"elementor-heading-title elementor-size-default\">Used car stories and experiences in one place<\/h1>\t\t\t\t<\/div>\n\t\t<div class=\"elementor-element elementor-element-3a90485 e-con-full e-flex e-con e-child\" data-id=\"3a90485\" data-element_type=\"container\" data-e-type=\"container\">\n\t\t\t\t<div class=\"elementor-element elementor-element-3ddf29c elementor-widget elementor-widget-image\" data-id=\"3ddf29c\" data-element_type=\"widget\" data-e-type=\"widget\" data-widget_type=\"image.default\">\n\t\t\t\t\t\t\t\t\t\t\t\t\t\t\t<img fetchpriority=\"high\" decoding=\"async\" width=\"800\" height=\"534\" src=\"https:\/\/autolugu.ee\/wp-content\/uploads\/2026\/01\/uus-kuulutus-1024x683.png\" class=\"attachment-large size-large wp-image-5487\" alt=\"\" srcset=\"https:\/\/autolugu.ee\/wp-content\/uploads\/2026\/01\/uus-kuulutus-1024x683.png 1024w, https:\/\/autolugu.ee\/wp-content\/uploads\/2026\/01\/uus-kuulutus-300x200.png 300w, https:\/\/autolugu.ee\/wp-content\/uploads\/2026\/01\/uus-kuulutus-768x512.png 768w, https:\/\/autolugu.ee\/wp-content\/uploads\/2026\/01\/uus-kuulutus-18x12.png 18w, https:\/\/autolugu.ee\/wp-content\/uploads\/2026\/01\/uus-kuulutus-600x400.png 600w, https:\/\/autolugu.ee\/wp-content\/uploads\/2026\/01\/uus-kuulutus.png 1536w\" sizes=\"(max-width: 800px) 100vw, 800px\" \/>\t\t\t\t\t\t\t\t\t\t\t\t\t\t\t<\/div>\n\t\t<div class=\"elementor-element elementor-element-65380f2 e-con-full elementor-hidden-desktop e-flex e-con e-child\" data-id=\"65380f2\" data-element_type=\"container\" data-e-type=\"container\">\n\t\t\t\t<div class=\"elementor-element elementor-element-891a258 elementor-hidden-tablet elementor-widget elementor-widget-heading\" data-id=\"891a258\" data-element_type=\"widget\" data-e-type=\"widget\" data-widget_type=\"heading.default\">\n\t\t\t\t\t<h1 class=\"elementor-heading-title elementor-size-default\">Advertisement<\/h1>\t\t\t\t<\/div>\n\t\t\t\t<\/div>\n\t\t\t\t<div class=\"elementor-element elementor-element-5868749 elementor-widget elementor-widget-image\" data-id=\"5868749\" data-element_type=\"widget\" data-e-type=\"widget\" data-widget_type=\"image.default\">\n\t\t\t\t\t\t\t\t\t\t\t\t\t\t\t<img decoding=\"async\" width=\"800\" height=\"534\" src=\"https:\/\/autolugu.ee\/wp-content\/uploads\/2026\/01\/uus-kahetsus-1024x683.png\" class=\"attachment-large size-large wp-image-5488\" alt=\"\" srcset=\"https:\/\/autolugu.ee\/wp-content\/uploads\/2026\/01\/uus-kahetsus-1024x683.png 1024w, https:\/\/autolugu.ee\/wp-content\/uploads\/2026\/01\/uus-kahetsus-300x200.png 300w, https:\/\/autolugu.ee\/wp-content\/uploads\/2026\/01\/uus-kahetsus-768x512.png 768w, https:\/\/autolugu.ee\/wp-content\/uploads\/2026\/01\/uus-kahetsus-18x12.png 18w, https:\/\/autolugu.ee\/wp-content\/uploads\/2026\/01\/uus-kahetsus-600x400.png 600w, https:\/\/autolugu.ee\/wp-content\/uploads\/2026\/01\/uus-kahetsus.png 1536w\" sizes=\"(max-width: 800px) 100vw, 800px\" \/>\t\t\t\t\t\t\t\t\t\t\t\t\t\t\t<\/div>\n\t\t\t\t<\/div>\n\t\t<div class=\"elementor-element elementor-element-73a7dfb e-con-full elementor-hidden-desktop e-flex e-con e-child\" data-id=\"73a7dfb\" data-element_type=\"container\" data-e-type=\"container\">\n\t\t\t\t<div class=\"elementor-element elementor-element-0b41000 elementor-hidden-tablet elementor-widget elementor-widget-heading\" data-id=\"0b41000\" data-element_type=\"widget\" data-e-type=\"widget\" data-widget_type=\"heading.default\">\n\t\t\t\t\t<h1 class=\"elementor-heading-title elementor-size-default\">Reality<\/h1>\t\t\t\t<\/div>\n\t\t\t\t<\/div>\n\t\t<div class=\"elementor-element elementor-element-67d2193 e-con-full elementor-hidden-mobile e-flex e-con e-child\" data-id=\"67d2193\" data-element_type=\"container\" data-e-type=\"container\">\n\t\t\t\t<div class=\"elementor-element elementor-element-6a90782 elementor-widget elementor-widget-heading\" data-id=\"6a90782\" data-element_type=\"widget\" data-e-type=\"widget\" data-widget_type=\"heading.default\">\n\t\t\t\t\t<h1 class=\"elementor-heading-title elementor-size-default\">Advertisement<\/h1>\t\t\t\t<\/div>\n\t\t\t\t<div class=\"elementor-element elementor-element-e71c289 elementor-widget elementor-widget-heading\" data-id=\"e71c289\" data-element_type=\"widget\" data-e-type=\"widget\" data-widget_type=\"heading.default\">\n\t\t\t\t\t<h1 class=\"elementor-heading-title elementor-size-default\">Reality<\/h1>\t\t\t\t<\/div>\n\t\t\t\t<\/div>\n\t\t\t\t<div class=\"elementor-element elementor-element-aec8651 elementor-widget__width-inherit elementor-widget elementor-widget-text-editor\" data-id=\"aec8651\" data-element_type=\"widget\" data-e-type=\"widget\" data-widget_type=\"text-editor.default\">\n\t\t\t\t\t\t\t\t\t<p>Autolugu.ee is just getting started and gathering its first users. The platform's value is created from people's experiences - the more information is shared, the more useful it becomes for everyone. If you have viewed, inspected, or owned a car, help others and share your experience.<\/p>\t\t\t\t\t\t\t\t<\/div>\n\t\t\t\t\t<\/div>\n\t\t\t\t<\/div>\n\t\t<div class=\"elementor-element elementor-element-f30a072 e-flex e-con-boxed e-con e-parent\" data-id=\"f30a072\" data-element_type=\"container\" data-e-type=\"container\" data-settings=\"{&quot;background_background&quot;:&quot;classic&quot;}\">\n\t\t\t\t\t<div class=\"e-con-inner\">\n\t\t\t\t<div class=\"elementor-element elementor-element-6a9a664 elementor-widget elementor-widget-heading\" data-id=\"6a9a664\" data-element_type=\"widget\" data-e-type=\"widget\" data-widget_type=\"heading.default\">\n\t\t\t\t\t<h2 class=\"elementor-heading-title elementor-size-default\">Autolugu.ee is a community initiative<\/h2>\t\t\t\t<\/div>\n\t\t<div class=\"elementor-element elementor-element-7891d7c e-flex e-con-boxed e-con e-child\" data-id=\"7891d7c\" data-element_type=\"container\" data-e-type=\"container\">\n\t\t\t\t\t<div class=\"e-con-inner\">\n\t\t<div class=\"elementor-element elementor-element-770143c e-grid e-con-boxed e-con e-child\" data-id=\"770143c\" data-element_type=\"container\" data-e-type=\"container\">\n\t\t\t\t\t<div class=\"e-con-inner\">\n\t\t\t\t<div class=\"elementor-element elementor-element-38edf17 elementor-widget__width-inherit elementor-widget elementor-widget-heading\" data-id=\"38edf17\" data-element_type=\"widget\" data-e-type=\"widget\" data-widget_type=\"heading.default\">\n\t\t\t\t\t<h2 class=\"elementor-heading-title elementor-size-default\">Why was Autolugu.ee created?<\/h2>\t\t\t\t<\/div>\n\t\t\t\t<div class=\"elementor-element elementor-element-b06d354 elementor-widget__width-inherit elementor-widget elementor-widget-text-editor\" data-id=\"b06d354\" data-element_type=\"widget\" data-e-type=\"widget\" data-widget_type=\"text-editor.default\">\n\t\t\t\t\t\t\t\t\t<ol><li>To save people's money, nerves, and time<\/li><li>To make the used car market more transparent<\/li><li>To create a community where everyone has the right to express their opinion<\/li><\/ol>\t\t\t\t\t\t\t\t<\/div>\n\t\t\t\t<div class=\"elementor-element elementor-element-34a0b9a elementor-widget__width-inherit elementor-widget elementor-widget-heading\" data-id=\"34a0b9a\" data-element_type=\"widget\" data-e-type=\"widget\" data-widget_type=\"heading.default\">\n\t\t\t\t\t<h2 class=\"elementor-heading-title elementor-size-default\">How does Autolugu.ee work?<\/h2>\t\t\t\t<\/div>\n\t\t\t\t<div class=\"elementor-element elementor-element-5d33e91 elementor-widget__width-inherit elementor-widget elementor-widget-text-editor\" data-id=\"5d33e91\" data-element_type=\"widget\" data-e-type=\"widget\" data-widget_type=\"text-editor.default\">\n\t\t\t\t\t\t\t\t\t<ol><li>Share information in the forum about a car you have seen or owned\u00a0<\/li><li>Add observations from test drives or inspections\u00a0<\/li><li>Help others avoid bad purchases<\/li><\/ol>\t\t\t\t\t\t\t\t<\/div>\n\t\t\t\t\t<\/div>\n\t\t\t\t<\/div>\n\t\t\t\t\t<\/div>\n\t\t\t\t<\/div>\n\t\t\t\t\t<\/div>\n\t\t\t\t<\/div>\n\t\t<div class=\"elementor-element elementor-element-6fc13b1 e-flex e-con-boxed e-con e-parent\" data-id=\"6fc13b1\" data-element_type=\"container\" data-e-type=\"container\" data-settings=\"{&quot;background_background&quot;:&quot;classic&quot;}\">\n\t\t\t\t\t<div class=\"e-con-inner\">\n\t\t<div class=\"elementor-element elementor-element-69f5a45 e-flex e-con-boxed e-con e-child\" data-id=\"69f5a45\" data-element_type=\"container\" data-e-type=\"container\">\n\t\t\t\t\t<div class=\"e-con-inner\">\n\t\t\t\t<div class=\"elementor-element elementor-element-d2af07a elementor-widget elementor-widget-heading\" data-id=\"d2af07a\" data-element_type=\"widget\" data-e-type=\"widget\" data-widget_type=\"heading.default\">\n\t\t\t\t\t<h3 class=\"elementor-heading-title elementor-size-default\">We are here to help you!<\/h3>\t\t\t\t<\/div>\n\t\t\t\t<div class=\"elementor-element elementor-element-62cd72b elementor-widget elementor-widget-text-editor\" data-id=\"62cd72b\" data-element_type=\"widget\" data-e-type=\"widget\" data-widget_type=\"text-editor.default\">\n\t\t\t\t\t\t\t\t\tAutolugu brings together real people's experiences about specific used cars.<br data-start=\"442\" data-end=\"445\"><p>Each discussion is linked to the car's VIN code so that the information is accurate and findable.<\/p>\t\t\t\t\t\t\t\t<\/div>\n\t\t\t\t\t<\/div>\n\t\t\t\t<\/div>\n\t\t<div class=\"elementor-element elementor-element-8dbbc60 e-flex e-con-boxed e-con e-child\" data-id=\"8dbbc60\" data-element_type=\"container\" data-e-type=\"container\">\n\t\t\t\t\t<div class=\"e-con-inner\">\n\t\t<div class=\"elementor-element elementor-element-07672bd e-con-full e-flex e-con e-child\" data-id=\"07672bd\" data-element_type=\"container\" data-e-type=\"container\">\n\t\t\t\t<div class=\"elementor-element elementor-element-8f53080 elementor-tablet-position-block-start elementor-view-default elementor-position-block-start elementor-mobile-position-block-start elementor-widget elementor-widget-icon-box\" data-id=\"8f53080\" data-element_type=\"widget\" data-e-type=\"widget\" data-widget_type=\"icon-box.default\">\n\t\t\t\t\t\t\t<div class=\"elementor-icon-box-wrapper\">\n\n\t\t\t\t\t\t<div class=\"elementor-icon-box-icon\">\n\t\t\t\t<span  class=\"elementor-icon\">\n\t\t\t\t<svg aria-hidden=\"true\" class=\"e-font-icon-svg e-fas-star\" viewbox=\"0 0 576 512\" xmlns=\"http:\/\/www.w3.org\/2000\/svg\"><path d=\"M259.3 17.8L194 150.2 47.9 171.5c-26.2 3.8-36.7 36.1-17.7 54.6l105.7 103-25 145.5c-4.5 26.3 23.2 46 46.4 33.7L288 439.6l130.7 68.7c23.2 12.2 50.9-7.4 46.4-33.7l-25-145.5 105.7-103c19-18.5 8.5-50.8-17.7-54.6L382 150.2 316.7 17.8c-11.7-23.6-45.6-23.9-57.4 0z\"><\/path><\/svg>\t\t\t\t<\/span>\n\t\t\t<\/div>\n\t\t\t\n\t\t\t\t\t\t<div class=\"elementor-icon-box-content\">\n\n\t\t\t\t\t\t\t\t\t<h3 class=\"elementor-icon-box-title\">\n\t\t\t\t\t\t<span  >\n\t\t\t\t\t\t\tHistory Check\t\t\t\t\t\t<\/span>\n\t\t\t\t\t<\/h3>\n\t\t\t\t\n\t\t\t\t\t\t\t\t\t<p class=\"elementor-icon-box-description\">\n\t\t\t\t\t\tInformation gathered based on VIN code about specific cars. Data and experiences come from people who have seen, inspected, or owned the car.\t\t\t\t\t<\/p>\n\t\t\t\t\n\t\t\t<\/div>\n\t\t\t\n\t\t<\/div>\n\t\t\t\t\t\t<\/div>\n\t\t\t\t<\/div>\n\t\t<div class=\"elementor-element elementor-element-81a9361 e-con-full e-flex e-con e-child\" data-id=\"81a9361\" data-element_type=\"container\" data-e-type=\"container\">\n\t\t\t\t<div class=\"elementor-element elementor-element-c7c6ff9 elementor-tablet-position-block-start elementor-view-default elementor-position-block-start elementor-mobile-position-block-start elementor-widget elementor-widget-icon-box\" data-id=\"c7c6ff9\" data-element_type=\"widget\" data-e-type=\"widget\" data-widget_type=\"icon-box.default\">\n\t\t\t\t\t\t\t<div class=\"elementor-icon-box-wrapper\">\n\n\t\t\t\t\t\t<div class=\"elementor-icon-box-icon\">\n\t\t\t\t<span  class=\"elementor-icon\">\n\t\t\t\t<svg aria-hidden=\"true\" class=\"e-font-icon-svg e-fas-star\" viewbox=\"0 0 576 512\" xmlns=\"http:\/\/www.w3.org\/2000\/svg\"><path d=\"M259.3 17.8L194 150.2 47.9 171.5c-26.2 3.8-36.7 36.1-17.7 54.6l105.7 103-25 145.5c-4.5 26.3 23.2 46 46.4 33.7L288 439.6l130.7 68.7c23.2 12.2 50.9-7.4 46.4-33.7l-25-145.5 105.7-103c19-18.5 8.5-50.8-17.7-54.6L382 150.2 316.7 17.8c-11.7-23.6-45.6-23.9-57.4 0z\"><\/path><\/svg>\t\t\t\t<\/span>\n\t\t\t<\/div>\n\t\t\t\n\t\t\t\t\t\t<div class=\"elementor-icon-box-content\">\n\n\t\t\t\t\t\t\t\t\t<h3 class=\"elementor-icon-box-title\">\n\t\t\t\t\t\t<span  >\n\t\t\t\t\t\t\tOpen Forum\t\t\t\t\t\t<\/span>\n\t\t\t\t\t<\/h3>\n\t\t\t\t\n\t\t\t\t\t\t\t\t\t<p class=\"elementor-icon-box-description\">\n\t\t\t\t\t\tDiscussions and experiences about specific cars. Share what you noticed during a test drive or inspection and help others make better decisions.\t\t\t\t\t<\/p>\n\t\t\t\t\n\t\t\t<\/div>\n\t\t\t\n\t\t<\/div>\n\t\t\t\t\t\t<\/div>\n\t\t\t\t<\/div>\n\t\t<div class=\"elementor-element elementor-element-8774038 e-con-full e-flex e-con e-child\" data-id=\"8774038\" data-element_type=\"container\" data-e-type=\"container\">\n\t\t\t\t<div class=\"elementor-element elementor-element-ba6f29f elementor-tablet-position-block-start elementor-view-default elementor-position-block-start elementor-mobile-position-block-start elementor-widget elementor-widget-icon-box\" data-id=\"ba6f29f\" data-element_type=\"widget\" data-e-type=\"widget\" data-widget_type=\"icon-box.default\">\n\t\t\t\t\t\t\t<div class=\"elementor-icon-box-wrapper\">\n\n\t\t\t\t\t\t<div class=\"elementor-icon-box-icon\">\n\t\t\t\t<span  class=\"elementor-icon\">\n\t\t\t\t<svg aria-hidden=\"true\" class=\"e-font-icon-svg e-fas-star\" viewbox=\"0 0 576 512\" xmlns=\"http:\/\/www.w3.org\/2000\/svg\"><path d=\"M259.3 17.8L194 150.2 47.9 171.5c-26.2 3.8-36.7 36.1-17.7 54.6l105.7 103-25 145.5c-4.5 26.3 23.2 46 46.4 33.7L288 439.6l130.7 68.7c23.2 12.2 50.9-7.4 46.4-33.7l-25-145.5 105.7-103c19-18.5 8.5-50.8-17.7-54.6L382 150.2 316.7 17.8c-11.7-23.6-45.6-23.9-57.4 0z\"><\/path><\/svg>\t\t\t\t<\/span>\n\t\t\t<\/div>\n\t\t\t\n\t\t\t\t\t\t<div class=\"elementor-icon-box-content\">\n\n\t\t\t\t\t\t\t\t\t<h3 class=\"elementor-icon-box-title\">\n\t\t\t\t\t\t<span  >\n\t\t\t\t\t\t\tUser Experiences\t\t\t\t\t\t<\/span>\n\t\t\t\t\t<\/h3>\n\t\t\t\t\n\t\t\t\t\t\t\t\t\t<p class=\"elementor-icon-box-description\">\n\t\t\t\t\t\tThe more experiences are shared, the more transparent the market becomes. This makes it easier to avoid problematic cars and unpleasant surprises\t\t\t\t\t<\/p>\n\t\t\t\t\n\t\t\t<\/div>\n\t\t\t\n\t\t<\/div>\n\t\t\t\t\t\t<\/div>\n\t\t\t\t<\/div>\n\t\t\t\t\t<\/div>\n\t\t\t\t<\/div>\n\t\t\t\t<div class=\"elementor-element elementor-element-15ae385 elementor-align-left elementor-widget elementor-widget-button\" data-id=\"15ae385\" data-element_type=\"widget\" data-e-type=\"widget\" data-widget_type=\"button.default\">\n\t\t\t\t\t\t\t\t\t\t<a class=\"elementor-button elementor-button-link elementor-size-sm\" href=\"https:\/\/autolugu.ee\/en\/foorum\/\">\n\t\t\t\t\t\t<span class=\"elementor-button-content-wrapper\">\n\t\t\t\t\t\t\t\t\t<span class=\"elementor-button-text\">Open forum<\/span>\n\t\t\t\t\t<\/span>\n\t\t\t\t\t<\/a>\n\t\t\t\t\t\t\t\t<\/div>\n\t\t\t\t\t<\/div>\n\t\t\t\t<\/div>\n\t\t<div class=\"elementor-element elementor-element-c5fa804 e-flex e-con-boxed e-con e-parent\" data-id=\"c5fa804\" data-element_type=\"container\" data-e-type=\"container\" data-settings=\"{&quot;background_background&quot;:&quot;classic&quot;}\">\n\t\t\t\t\t<div class=\"e-con-inner\">\n\t\t<div class=\"elementor-element elementor-element-0bd50a3 e-grid e-con-full e-con e-child\" data-id=\"0bd50a3\" data-element_type=\"container\" data-e-type=\"container\">\n\t\t\t\t<div class=\"elementor-element elementor-element-65399ad elementor-widget elementor-widget-image\" data-id=\"65399ad\" data-element_type=\"widget\" data-e-type=\"widget\" data-widget_type=\"image.default\">\n\t\t\t\t\t\t\t\t\t\t\t\t\t\t\t<img decoding=\"async\" width=\"800\" height=\"946\" src=\"https:\/\/autolugu.ee\/wp-content\/uploads\/2026\/01\/Tookojas-tehnik-10231209-866x1024.webp\" class=\"attachment-large size-large wp-image-5463\" alt=\"\" srcset=\"https:\/\/autolugu.ee\/wp-content\/uploads\/2026\/01\/Tookojas-tehnik-10231209-866x1024.webp 866w, https:\/\/autolugu.ee\/wp-content\/uploads\/2026\/01\/Tookojas-tehnik-10231209-254x300.webp 254w, https:\/\/autolugu.ee\/wp-content\/uploads\/2026\/01\/Tookojas-tehnik-10231209-768x908.webp 768w, https:\/\/autolugu.ee\/wp-content\/uploads\/2026\/01\/Tookojas-tehnik-10231209-10x12.webp 10w, https:\/\/autolugu.ee\/wp-content\/uploads\/2026\/01\/Tookojas-tehnik-10231209-600x709.webp 600w, https:\/\/autolugu.ee\/wp-content\/uploads\/2026\/01\/Tookojas-tehnik-10231209.webp 1023w\" sizes=\"(max-width: 800px) 100vw, 800px\" \/>\t\t\t\t\t\t\t\t\t\t\t\t\t\t\t<\/div>\n\t\t\t\t<div class=\"elementor-element elementor-element-88c947c elementor-widget elementor-widget-image\" data-id=\"88c947c\" data-element_type=\"widget\" data-e-type=\"widget\" data-widget_type=\"image.default\">\n\t\t\t\t\t\t\t\t\t\t\t\t\t\t\t<img loading=\"lazy\" decoding=\"async\" width=\"800\" height=\"946\" src=\"https:\/\/autolugu.ee\/wp-content\/uploads\/2026\/01\/Klient-tehnik-10231209-866x1024.webp\" class=\"attachment-large size-large wp-image-5464\" alt=\"\" srcset=\"https:\/\/autolugu.ee\/wp-content\/uploads\/2026\/01\/Klient-tehnik-10231209-866x1024.webp 866w, https:\/\/autolugu.ee\/wp-content\/uploads\/2026\/01\/Klient-tehnik-10231209-254x300.webp 254w, https:\/\/autolugu.ee\/wp-content\/uploads\/2026\/01\/Klient-tehnik-10231209-768x908.jpg 768w, https:\/\/autolugu.ee\/wp-content\/uploads\/2026\/01\/Klient-tehnik-10231209-10x12.jpg 10w, https:\/\/autolugu.ee\/wp-content\/uploads\/2026\/01\/Klient-tehnik-10231209-600x709.jpg 600w, https:\/\/autolugu.ee\/wp-content\/uploads\/2026\/01\/Klient-tehnik-10231209.webp 1023w\" sizes=\"(max-width: 800px) 100vw, 800px\" \/>\t\t\t\t\t\t\t\t\t\t\t\t\t\t\t<\/div>\n\t\t\t\t<div class=\"elementor-element elementor-element-f5a4bc2 elementor-widget elementor-widget-image\" data-id=\"f5a4bc2\" data-element_type=\"widget\" data-e-type=\"widget\" data-widget_type=\"image.default\">\n\t\t\t\t\t\t\t\t\t\t\t\t\t\t\t<img loading=\"lazy\" decoding=\"async\" width=\"800\" height=\"946\" src=\"https:\/\/autolugu.ee\/wp-content\/uploads\/2026\/01\/Myygimees-10231209-866x1024.jpg\" class=\"attachment-large size-large wp-image-5465\" alt=\"\" srcset=\"https:\/\/autolugu.ee\/wp-content\/uploads\/2026\/01\/Myygimees-10231209-866x1024.jpg 866w, https:\/\/autolugu.ee\/wp-content\/uploads\/2026\/01\/Myygimees-10231209-254x300.jpg 254w, https:\/\/autolugu.ee\/wp-content\/uploads\/2026\/01\/Myygimees-10231209-768x908.jpg 768w, https:\/\/autolugu.ee\/wp-content\/uploads\/2026\/01\/Myygimees-10231209-10x12.jpg 10w, https:\/\/autolugu.ee\/wp-content\/uploads\/2026\/01\/Myygimees-10231209-600x709.jpg 600w, https:\/\/autolugu.ee\/wp-content\/uploads\/2026\/01\/Myygimees-10231209.jpg 1023w\" sizes=\"(max-width: 800px) 100vw, 800px\" \/>\t\t\t\t\t\t\t\t\t\t\t\t\t\t\t<\/div>\n\t\t\t\t<div class=\"elementor-element elementor-element-67bfcc1 elementor-widget elementor-widget-text-editor\" data-id=\"67bfcc1\" data-element_type=\"widget\" data-e-type=\"widget\" data-widget_type=\"text-editor.default\">\n\t\t\t\t\t\t\t\t\t<h2 class=\"wp-block-heading has-text-align-center\">Vehicle data from people<\/h2><p class=\"has-text-align-center\">Information gathered based on VIN code about specific cars. Data and experiences come from people who have seen, inspected, or owned the car.<\/p>\t\t\t\t\t\t\t\t<\/div>\n\t\t\t\t<div class=\"elementor-element elementor-element-85b6693 elementor-widget elementor-widget-text-editor\" data-id=\"85b6693\" data-element_type=\"widget\" data-e-type=\"widget\" data-widget_type=\"text-editor.default\">\n\t\t\t\t\t\t\t\t\t<h2 class=\"wp-block-heading has-text-align-center\">Community-based discussions<\/h2><p class=\"has-text-align-center\">Discussions and experiences about specific cars.<br \/>Share what you noticed during a test drive or inspection and help others make better decisions.<\/p>\t\t\t\t\t\t\t\t<\/div>\n\t\t\t\t<div class=\"elementor-element elementor-element-f80a015 elementor-widget elementor-widget-text-editor\" data-id=\"f80a015\" data-element_type=\"widget\" data-e-type=\"widget\" data-widget_type=\"text-editor.default\">\n\t\t\t\t\t\t\t\t\t<h2 class=\"wp-block-heading\">Making the car market more transparent<\/h2><p class=\"has-text-align-center\">The more experiences are shared, the more transparent the market becomes. This makes it easier to avoid problematic cars and unpleasant surprises<\/p>\t\t\t\t\t\t\t\t<\/div>\n\t\t\t\t<\/div>\n\t\t\t\t\t<\/div>\n\t\t\t\t<\/div>\n\t\t\t\t<\/div>","protected":false},"excerpt":{"rendered":"<p>S\u00e4\u00e4sta oma aega, raha ja n\u00e4rve. Enne auto ostmist kontrolli siit, kas keegi on selle auto juba \u00fcle vaadanud. \u00dcks jagatud kogemus v\u00f5ib Sind p\u00e4\u00e4sta mitme tuhande euro suurusest veast. Igal autol on oma lugu ja k\u00f5ik lood ei ole head. Autolugu seob info konkreetse auto VIN-koodiga, et see p\u00fcsiks aus ja seotud \u00f5ige s\u00f5idukiga. [&hellip;]<\/p>\n","protected":false},"author":1,"featured_media":0,"parent":0,"menu_order":0,"comment_status":"closed","ping_status":"closed","template":"","meta":{"footnotes":""},"class_list":["post-4672","page","type-page","status-publish","hentry"],"aioseo_notices":[],"_links":{"self":[{"href":"https:\/\/autolugu.ee\/en\/wp-json\/wp\/v2\/pages\/4672","targetHints":{"allow":["GET"]}}],"collection":[{"href":"https:\/\/autolugu.ee\/en\/wp-json\/wp\/v2\/pages"}],"about":[{"href":"https:\/\/autolugu.ee\/en\/wp-json\/wp\/v2\/types\/page"}],"author":[{"embeddable":true,"href":"https:\/\/autolugu.ee\/en\/wp-json\/wp\/v2\/users\/1"}],"replies":[{"embeddable":true,"href":"https:\/\/autolugu.ee\/en\/wp-json\/wp\/v2\/comments?post=4672"}],"version-history":[{"count":502,"href":"https:\/\/autolugu.ee\/en\/wp-json\/wp\/v2\/pages\/4672\/revisions"}],"predecessor-version":[{"id":5890,"href":"https:\/\/autolugu.ee\/en\/wp-json\/wp\/v2\/pages\/4672\/revisions\/5890"}],"wp:attachment":[{"href":"https:\/\/autolugu.ee\/en\/wp-json\/wp\/v2\/media?parent=4672"}],"curies":[{"name":"wp","href":"https:\/\/api.w.org\/{rel}","templated":true}]}}