{"id":21,"date":"2025-12-23T12:44:01","date_gmt":"2025-12-23T12:44:01","guid":{"rendered":"https:\/\/autolugu.ee\/about\/"},"modified":"2025-12-24T10:34:34","modified_gmt":"2025-12-24T08:34:34","slug":"about","status":"publish","type":"page","link":"https:\/\/autolugu.ee\/en\/about\/","title":{"rendered":"How does Autolugu.ee work?"},"content":{"rendered":"<div class=\"wp-block-group alignfull is-style-ext-preset--group--natural-1--section has-background-background-color has-background is-layout-constrained wp-container-core-group-is-layout-6714b1d7 wp-block-group-is-layout-constrained\" id=\"about\" style=\"margin-top:0;margin-bottom:0;padding-top:var(--wp--preset--spacing--70);padding-bottom:var(--wp--preset--spacing--70)\">\n<div class=\"wp-block-group alignwide is-vertical is-content-justification-center is-layout-flex wp-container-core-group-is-layout-c9ee0c5a wp-block-group-is-layout-flex\">\n<div class=\"wp-block-group is-layout-constrained wp-container-core-group-is-layout-2287c683 wp-block-group-is-layout-constrained\">\n<h2 class=\"wp-block-heading has-text-align-center\">Iga inimene saab uurida auto ajalugu<\/h2>\n\n\n\n<p class=\"has-text-align-center\">Autolugu.ee aitab sul enne auto ostmist uurida auto ajaloo kohta.<br>Siin koguneb info konkreetsete autode kohta p\u00e4ris inimeste kogemuste p\u00f5hjal, et s\u00e4\u00e4sta ostjate aega, raha ja n\u00e4rve.<\/p>\n<\/div>\n<\/div>\n\n\n\n<div class=\"wp-block-group alignwide is-vertical is-content-justification-center is-layout-flex wp-container-core-group-is-layout-c9ee0c5a wp-block-group-is-layout-flex\">\n<div class=\"wp-block-group is-layout-constrained wp-container-core-group-is-layout-2287c683 wp-block-group-is-layout-constrained\">\n<h2 class=\"wp-block-heading has-text-align-center\">What is Autolugu.ee?<\/h2>\n\n\n\n<p class=\"has-text-align-center\">Autolugu.ee on kogukonnap\u00f5hine foorum, kus inimesed jagavad oma kogemusi konkreetsete autode kohta.<br>Tegemist ei ole ametliku andmebaasiga, v\u00e4\u00e4rtus s\u00fcnnib inimeste t\u00e4helepanekutest, kogemustest ja jagatud infost.<\/p>\n<\/div>\n<\/div>\n\n\n\n<div class=\"wp-block-group alignwide is-vertical is-content-justification-center is-layout-flex wp-container-core-group-is-layout-c9ee0c5a wp-block-group-is-layout-flex\">\n<div class=\"wp-block-group is-layout-constrained wp-container-core-group-is-layout-2287c683 wp-block-group-is-layout-constrained\">\n<h2 class=\"wp-block-heading has-text-align-center\">Why do we use VIN code?<\/h2>\n\n\n\n<p class=\"has-text-align-center\">VIN code (Vehicle Identification Number) is a car's unique identifier.<\/p>\n\n\n\n<p>\u2022 VIN-koodi <strong>ei saa muuta<\/strong><br>\u2022 numbrim\u00e4rki <strong>saab vahetada<\/strong><br>\u2022 seet\u00f5ttu p\u00fcsib info VIN-i j\u00e4rgi alati seotud \u00f5ige autoga<br>That's exactly why we collect experiences based on VIN code, not license plate.<\/p>\n<\/div>\n<\/div>\n\n\n\n<div class=\"wp-block-group alignwide is-vertical is-content-justification-center is-layout-flex wp-container-core-group-is-layout-c9ee0c5a wp-block-group-is-layout-flex\">\n<div class=\"wp-block-group is-layout-constrained wp-container-core-group-is-layout-2287c683 wp-block-group-is-layout-constrained\">\n<h2 class=\"wp-block-heading has-text-align-center\">Where can I find the VIN code?<\/h2>\n\n\n\n<ul class=\"wp-block-list\">\n<li>s\u00f5iduki tehnilises passis<\/li>\n\n\n\n<li>esiklaasi all juhi poolel<\/li>\n\n\n\n<li>kapoti alt v\u00f5i uksepostilt<\/li>\n\n\n\n<li>m\u00fc\u00fcgikuulutusest (kui m\u00fc\u00fcja on aus)<\/li>\n<\/ul>\n\n\n\n<p class=\"has-text-align-center\">Kui VIN-koodi pole kuulutuses, on alati \u00f5igus seda k\u00fcsida.<\/p>\n<\/div>\n<\/div>\n\n\n\n<div class=\"wp-block-group alignwide is-vertical is-content-justification-center is-layout-flex wp-container-core-group-is-layout-c9ee0c5a wp-block-group-is-layout-flex\">\n<div class=\"wp-block-group is-layout-constrained wp-container-core-group-is-layout-2287c683 wp-block-group-is-layout-constrained\">\n<h2 class=\"wp-block-heading has-text-align-center\">Kuidas see t\u00f6\u00f6tab?<\/h2>\n\n\n\n<p><strong>1. <\/strong>Uuri: otsi autot VIN-koodi j\u00e4rgi ja vaata, kas keegi on seda juba n\u00e4inud, kontrollinud v\u00f5i omanud.<\/p>\n\n\n\n<p><strong>2. <\/strong>Read and evaluate: read other users' experiences and opinions.<br>Keep in mind, these are people's observations, not official assessments.<\/p>\n\n\n\n<p><strong>3. <\/strong>Share: if you have seen or owned a car, you can add your experience as a registered user and if needed attach files (e.g. pre-purchase inspection report, repair invoice).<\/p>\n<\/div>\n<\/div>\n\n\n\n<div class=\"wp-block-group alignwide is-vertical is-content-justification-center is-layout-flex wp-container-core-group-is-layout-c9ee0c5a wp-block-group-is-layout-flex\">\n<div class=\"wp-block-group is-layout-constrained wp-container-core-group-is-layout-2287c683 wp-block-group-is-layout-constrained\">\n<h2 class=\"wp-block-heading has-text-align-center\">Who can read and add information?<\/h2>\n\n\n\n<ul class=\"wp-block-list\">\n<li>\ud83d\udcd6 Lugeda saavad k\u00f5ik<\/li>\n\n\n\n<li>\u270d\ufe0f Lisada saavad ainult registreeritud kasutajad<\/li>\n\n\n\n<li>\ud83d\udcce Failide lisamine on lubatud registreeritud kasutajatele<\/li>\n<\/ul>\n<\/div>\n<\/div>\n\n\n\n<div class=\"wp-block-group alignwide is-vertical is-content-justification-center is-layout-flex wp-container-core-group-is-layout-c9ee0c5a wp-block-group-is-layout-flex\">\n<div class=\"wp-block-group is-layout-constrained wp-container-core-group-is-layout-2287c683 wp-block-group-is-layout-constrained\">\n<h2 class=\"wp-block-heading has-text-align-center\">Opinions and liability<\/h2>\n\n\n\n<p class=\"has-text-align-left\">Information shared on Autolugu.ee is based on users' personal experiences and opinions.<\/p>\n\n\n\n<p class=\"has-text-align-left\">The platform is not responsible for users' claims.<br>Each user is responsible for their own writing.<\/p>\n\n\n\n<p class=\"has-text-align-left\">Lying, defamation, and malicious content are not allowed and may result in liability even for anonymous users.<\/p>\n<\/div>\n<\/div>\n\n\n\n<div class=\"wp-block-group alignwide is-vertical is-content-justification-center is-layout-flex wp-container-core-group-is-layout-c9ee0c5a wp-block-group-is-layout-flex\">\n<div class=\"wp-block-group is-layout-constrained wp-container-core-group-is-layout-2287c683 wp-block-group-is-layout-constrained\">\n<h2 class=\"wp-block-heading has-text-align-center\">Is this legal?<\/h2>\n\n\n\n<p class=\"has-text-align-center\">Yes.<br>VIN-kood on avalik tehniline info ja arvamuse avaldamine on seaduslik.<br>Projekt on l\u00e4bi arutatud juristiga ja tegutseb Eesti seaduste raames.<\/p>\n\n\n\n<p class=\"has-text-align-center\">.<\/p>\n<\/div>\n<\/div>\n\n\n\n<div class=\"wp-block-columns alignwide is-layout-flex wp-container-core-columns-is-layout-28f84493 wp-block-columns-is-layout-flex\">\n<div class=\"wp-block-column is-layout-flow wp-block-column-is-layout-flow\">\n<figure class=\"wp-block-image size-large is-style-ext-preset-image-natural-1-image-1--content-bottom is-style-ext-preset--image--natural-1--image-1--content-bottom\"><img decoding=\"async\" src=\"https:\/\/autolugu.ee\/wp-content\/uploads\/2025\/12\/autolugu-soidukiandmed-1-866x1024.jpg\" alt=\"\" class=\"wp-image-106\" style=\"aspect-ratio:3\/4;object-fit:cover\"\/><\/figure>\n<\/div>\n\n\n\n<div class=\"wp-block-column is-layout-flow wp-block-column-is-layout-flow\">\n<figure class=\"wp-block-image size-large is-style-ext-preset-image-natural-1-image-1--content-bottom is-style-ext-preset--image--natural-1--image-1--content-bottom\"><img decoding=\"async\" src=\"https:\/\/autolugu.ee\/wp-content\/uploads\/2025\/12\/autolugu-arutelud-1-784x1024.jpg\" alt=\"\" class=\"wp-image-107\" style=\"aspect-ratio:3\/4;object-fit:cover\"\/><\/figure>\n<\/div>\n\n\n\n<div class=\"wp-block-column is-layout-flow wp-block-column-is-layout-flow\">\n<figure class=\"wp-block-image size-large is-style-ext-preset-image-natural-1-image-1--content-bottom is-style-ext-preset--image--natural-1--image-1--content-bottom\"><img fetchpriority=\"high\" decoding=\"async\" width=\"782\" height=\"1024\" src=\"https:\/\/autolugu.ee\/wp-content\/uploads\/2025\/12\/autolugu-turu-labipaistvus-1-782x1024.jpg\" alt=\"\" class=\"wp-image-108\" style=\"aspect-ratio:3\/4;object-fit:cover\" srcset=\"https:\/\/autolugu.ee\/wp-content\/uploads\/2025\/12\/autolugu-turu-labipaistvus-1-782x1024.jpg 782w, https:\/\/autolugu.ee\/wp-content\/uploads\/2025\/12\/autolugu-turu-labipaistvus-1-600x786.jpg 600w, https:\/\/autolugu.ee\/wp-content\/uploads\/2025\/12\/autolugu-turu-labipaistvus-1-229x300.jpg 229w, https:\/\/autolugu.ee\/wp-content\/uploads\/2025\/12\/autolugu-turu-labipaistvus-1-768x1006.jpg 768w, https:\/\/autolugu.ee\/wp-content\/uploads\/2025\/12\/autolugu-turu-labipaistvus-1-9x12.jpg 9w, https:\/\/autolugu.ee\/wp-content\/uploads\/2025\/12\/autolugu-turu-labipaistvus-1.jpg 1023w\" sizes=\"(max-width: 782px) 100vw, 782px\" \/><\/figure>\n<\/div>\n<\/div>\n<\/div>\n\n\n\n<div class=\"wp-block-group alignfull is-style-ext-preset--group--natural-1--section has-tertiary-background-color has-background is-layout-constrained wp-container-core-group-is-layout-e955bbaf wp-block-group-is-layout-constrained\" style=\"margin-top:0;margin-bottom:0;padding-top:var(--wp--preset--spacing--70);padding-bottom:var(--wp--preset--spacing--70)\">\n<div class=\"wp-block-group alignwide is-vertical is-layout-flex wp-container-core-group-is-layout-c35747d5 wp-block-group-is-layout-flex\">\n<div class=\"wp-block-group is-layout-constrained wp-container-core-group-is-layout-2287c683 wp-block-group-is-layout-constrained\">\n<h2 class=\"wp-block-heading\">Mis see Autolugu.ee \u00fcldse on?<\/h2>\n\n\n\n<p class=\"has-text-align-left\">Autolugu.ee on kogukonnap\u00f5hine foorum, kus inimesed saavad jagada<br>oma kogemusi konkreetsete autode kohta VIN-koodi alusel.<\/p>\n\n\n\n<p class=\"has-text-align-left\">One VIN = one car = one discussion thread.<br>K\u00f5ik kogemused ja t\u00e4helepanekud kogunevad \u00fchte kohta,<br>et j\u00e4rgmised ostuhuvilised saaksid parema \u00fclevaate enne otsuse tegemist.<\/p>\n<\/div>\n<\/div>\n\n\n\n<div class=\"wp-block-columns alignwide is-layout-flex wp-container-core-columns-is-layout-08c01c1c wp-block-columns-is-layout-flex\">\n<div class=\"wp-block-column is-vertically-aligned-center is-layout-flow wp-container-core-column-is-layout-119bc444 wp-block-column-is-layout-flow\">\n<div class=\"wp-block-columns is-layout-flex wp-container-core-columns-is-layout-28f84493 wp-block-columns-is-layout-flex\">\n<div class=\"wp-block-column is-vertically-aligned-stretch is-layout-flow wp-block-column-is-layout-flow\">\n<div class=\"wp-block-group is-style-ext-preset--group--natural-1--item-card-1--align-start is-layout-constrained wp-block-group-is-layout-constrained\">\n<div class=\"wp-block-group is-style-default is-layout-constrained wp-block-group-is-layout-constrained\">\n<figure class=\"wp-block-image size-large ext-aspect-landscape wp-duotone-varpresetduotoneprimary-foreground-1\"><img decoding=\"async\" src=\"data:image\/svg+xml;base64,PHN2ZyB4bWxucz0iaHR0cDovL3d3dy53My5vcmcvMjAwMC9zdmciIHdpZHRoPSI0OCIgaGVpZ2h0PSI0OCIgZmlsbD0iIzAwMDAwMCIgdmlld0JveD0iMCAwIDI1NiAyNTYiPjxwYXRoIGQ9Ik0xNzIsNzZhNDQsNDQsMCwxLDAtNDQsNDRBNDQuMDUsNDQuMDUsMCwwLDAsMTcyLDc2Wm0tNDQsMjhhMjgsMjgsMCwxLDEsMjgtMjhBMjgsMjgsMCwwLDEsMTI4LDEwNFptNjAsMjRhNDQsNDQsMCwxLDAsNDQsNDRBNDQuMDUsNDQuMDUsMCwwLDAsMTg4LDEyOFptMCw3MmEyOCwyOCwwLDEsMSwyOC0yOEEyOCwyOCwwLDAsMSwxODgsMjAwWk02OCwxMjhhNDQsNDQsMCwxLDAsNDQsNDRBNDQuMDUsNDQuMDUsMCwwLDAsNjgsMTI4Wm0wLDcyYTI4LDI4LDAsMSwxLDI4LTI4QTI4LDI4LDAsMCwxLDY4LDIwMFoiPjwvcGF0aD48L3N2Zz4=\" alt=\"\" style=\"object-fit:cover\"\/><\/figure>\n\n\n\n<h3 class=\"wp-block-heading\">Kuidas s\u00fcsteem praktiliselt t\u00f6\u00f6tab?<\/h3>\n\n\n\n<p>Lugeda saavad k\u00f5ik, ka ilma registreeritud kasutajana<\/p>\n\n\n\n<p>Teemasid lisada ja kommenteerida saavad ainult registreeritud kasutajad.<\/p>\n\n\n\n<p>Tekib arutelu konkreetse auto kohta<\/p>\n\n\n\n<p>Teised kasutajad jagavad oma kogemusi, t\u00e4helepanekuid v\u00f5i kontrollitulemusi<\/p>\n\n\n\n<p>J\u00e4rgmine huviline n\u00e4eb kogu kogunenud infot \u00fches kohas<\/p>\n\n\n\n<p>Autolugu.ee ei kogu automaatselt andmeid ega kasuta ametlikke registriandmeid.<br>Kogu sisu s\u00fcnnib inimeste kogemustest.<\/p>\n<\/div>\n<\/div>\n<\/div>\n\n\n\n<div class=\"wp-block-column is-vertically-aligned-stretch is-layout-flow wp-block-column-is-layout-flow\">\n<div class=\"wp-block-group is-style-ext-preset--group--natural-1--item-card-1--align-start is-layout-constrained wp-block-group-is-layout-constrained\">\n<div class=\"wp-block-group is-style-default is-layout-constrained wp-block-group-is-layout-constrained\">\n<figure class=\"wp-block-image size-large is-resized ext-aspect-landscape wp-duotone-varpresetduotoneprimary-foreground-2\"><img decoding=\"async\" src=\"data:image\/svg+xml;base64,PHN2ZyB4bWxucz0iaHR0cDovL3d3dy53My5vcmcvMjAwMC9zdmciIHdpZHRoPSI0OCIgaGVpZ2h0PSI0OCIgZmlsbD0iIzAwMDAwMCIgdmlld0JveD0iMCAwIDI1NiAyNTYiPjxwYXRoIGQ9Ik04MCw0MGE0MCw0MCwwLDEsMCw0MCw0MEE0MCw0MCwwLDAsMCw4MCw0MFptMCw2NGEyNCwyNCwwLDEsMSwyNC0yNEEyNCwyNCwwLDAsMSw4MCwxMDRabTk2LDE2YTQwLDQwLDAsMSwwLTQwLTQwQTQwLDQwLDAsMCwwLDE3NiwxMjBabTAtNjRhMjQsMjQsMCwxLDEtMjQsMjRBMjQsMjQsMCwwLDEsMTc2LDU2Wk04MCwxMzZhNDAsNDAsMCwxLDAsNDAsNDBBNDAsNDAsMCwwLDAsODAsMTM2Wm0wLDY0YTI0LDI0LDAsMSwxLDI0LTI0QTI0LDI0LDAsMCwxLDgwLDIwMFptMTM2LTI0YTgsOCwwLDAsMS04LDhIMTg0djI0YTgsOCwwLDAsMS0xNiwwVjE4NEgxNDRhOCw4LDAsMCwxLDAtMTZoMjRWMTQ0YTgsOCwwLDAsMSwxNiwwdjI0aDI0QTgsOCwwLDAsMSwyMTYsMTc2WiI+PC9wYXRoPjwvc3ZnPg==\" alt=\"\" style=\"object-fit:cover;width:48px;height:auto\"\/><\/figure>\n\n\n\n<h3 class=\"wp-block-heading\">Kogukonnap\u00f5hised teadmised<\/h3>\n\n\n\n<p>Information shared on Autolugu.ee is based on users' personal experiences and opinions.<\/p>\n\n\n\n<p>See ei ole ametlik hinnang, ekspertiis ega garantiiga kontroll.<br>Iga kasutaja vastutab oma s\u00f5nade ja v\u00e4idete eest ise.<\/p>\n\n\n\n<p>Soovitame kogu infot k\u00e4sitleda otsustamise abivahendina,<br>mitte ainsa t\u00f5ena.<\/p>\n<\/div>\n<\/div>\n<\/div>\n<\/div>\n\n\n\n<div class=\"wp-block-columns is-layout-flex wp-container-core-columns-is-layout-28f84493 wp-block-columns-is-layout-flex\">\n<div class=\"wp-block-column is-vertically-aligned-stretch is-layout-flow wp-block-column-is-layout-flow\">\n<div class=\"wp-block-group is-style-ext-preset--group--natural-1--item-card-1--align-start is-layout-constrained wp-block-group-is-layout-constrained\">\n<div class=\"wp-block-group is-style-default is-layout-constrained wp-block-group-is-layout-constrained\">\n<figure class=\"wp-block-image size-large ext-aspect-landscape wp-duotone-varpresetduotoneprimary-foreground-3\"><img decoding=\"async\" src=\"data:image\/svg+xml;base64,PHN2ZyB4bWxucz0iaHR0cDovL3d3dy53My5vcmcvMjAwMC9zdmciIHdpZHRoPSI0OCIgaGVpZ2h0PSI0OCIgZmlsbD0iIzAwMDAwMCIgdmlld0JveD0iMCAwIDI1NiAyNTYiPjxwYXRoIGQ9Ik04MCw0MGE0MCw0MCwwLDEsMCw0MCw0MEE0MCw0MCwwLDAsMCw4MCw0MFptMCw2NGEyNCwyNCwwLDEsMSwyNC0yNEEyNCwyNCwwLDAsMSw4MCwxMDRabTk2LDE2YTQwLDQwLDAsMSwwLTQwLTQwQTQwLDQwLDAsMCwwLDE3NiwxMjBabTAtNjRhMjQsMjQsMCwxLDEtMjQsMjRBMjQsMjQsMCwwLDEsMTc2LDU2Wk04MCwxMzZhNDAsNDAsMCwxLDAsNDAsNDBBNDAsNDAsMCwwLDAsODAsMTM2Wm0wLDY0YTI0LDI0LDAsMSwxLDI0LTI0QTI0LDI0LDAsMCwxLDgwLDIwMFptOTYtNjRhNDAsNDAsMCwxLDAsNDAsNDBBNDAsNDAsMCwwLDAsMTc2LDEzNlptMCw2NGEyNCwyNCwwLDEsMSwyNC0yNEEyNCwyNCwwLDAsMSwxNzYsMjAwWiI+PC9wYXRoPjwvc3ZnPg==\" alt=\"\" style=\"object-fit:cover\"\/><\/figure>\n\n\n\n<h3 class=\"wp-block-heading\">Vastutus, ausus ja seaduslikkus<\/h3>\n\n\n\n<p>Valeinfo, teadlik eksitamine ja laim ei ole lubatud.<\/p>\n\n\n\n<p>Eestis kehtivad seadused ka internetis, isegi anon\u00fc\u00fcmse kasutaja puhul.<\/p>\n\n\n\n<p><br>Kui keegi levitab teadlikult valet v\u00f5i kahjustab teise isiku mainet, v\u00f5ib see kaasa tuua vastutuse.<\/p>\n\n\n\n<p>Autolugu.ee modereerib sisu vastavalt reeglitele,<br>kuid ei vastuta kasutajate avaldatud arvamuste eest.<\/p>\n<\/div>\n<\/div>\n<\/div>\n\n\n\n<div class=\"wp-block-column is-vertically-aligned-stretch is-layout-flow wp-block-column-is-layout-flow\">\n<div class=\"wp-block-group is-style-ext-preset--group--natural-1--item-card-1--align-start is-layout-constrained wp-block-group-is-layout-constrained\">\n<div class=\"wp-block-group is-style-default is-layout-constrained wp-block-group-is-layout-constrained\">\n<figure class=\"wp-block-image size-large ext-aspect-landscape wp-duotone-varpresetduotoneprimary-foreground-4\"><img decoding=\"async\" src=\"data:image\/svg+xml;base64,PHN2ZyB4bWxucz0iaHR0cDovL3d3dy53My5vcmcvMjAwMC9zdmciIHdpZHRoPSI0OCIgaGVpZ2h0PSI0OCIgZmlsbD0iIzAwMDAwMCIgdmlld0JveD0iMCAwIDI1NiAyNTYiPjxwYXRoIGQ9Ik0yNDgsMTI4YTU2LDU2LDAsMCwxLTk1LjYsMzkuNmwtLjMzLS4zNUw5Mi4xMiw5OS41NWE0MCw0MCwwLDEsMCwwLDU2LjlsOC41Mi05LjYyYTgsOCwwLDEsMSwxMiwxMC42MWwtOC42OSw5LjgxLS4zMy4zNWE1Niw1NiwwLDEsMSwwLTc5LjJsLjMzLjM1LDU5Ljk1LDY3LjdhNDAsNDAsMCwxLDAsMC01Ni45bC04LjUyLDkuNjJhOCw4LDAsMSwxLTEyLTEwLjYxbDguNjktOS44MS4zMy0uMzVBNTYsNTYsMCwwLDEsMjQ4LDEyOFoiPjwvcGF0aD48L3N2Zz4=\" alt=\"\" style=\"object-fit:cover\"\/><\/figure>\n\n\n\n<h3 class=\"wp-block-heading\">VIN-koodid ja seaduslikkus<\/h3>\n\n\n\n<p>VIN-kood on avalik tehniline identifikaator.<\/p>\n\n\n\n<p>VIN-koodi p\u00f5hine arutelu ja arvamuste avaldamine on seaduslik<br>ning projekti loomisel on konsulteeritud juristiga.<\/p>\n\n\n\n<p>Autolugu.ee eesm\u00e4rk ei ole kedagi kahjustada,<br>vaid aidata inimestel teha teadlikumaid otsuseid.<\/p>\n<\/div>\n<\/div>\n<\/div>\n<\/div>\n<\/div>\n\n\n\n<div class=\"wp-block-column is-vertically-aligned-stretch is-layout-flow wp-container-core-column-is-layout-119bc444 wp-block-column-is-layout-flow\">\n<div class=\"wp-block-cover is-light is-style-ext-preset--group--natural-1--item-card-1--align-start\" style=\"min-height:100%;aspect-ratio:unset;\"><img decoding=\"async\" width=\"1024\" height=\"683\" class=\"wp-block-cover__image-background wp-image-111 size-large\" alt=\"\" src=\"https:\/\/autolugu.ee\/wp-content\/uploads\/2025\/12\/autolugu-kolmnurk-golf-1024x683.jpg\" data-object-fit=\"cover\" srcset=\"https:\/\/autolugu.ee\/wp-content\/uploads\/2025\/12\/autolugu-kolmnurk-golf-1024x683.jpg 1024w, https:\/\/autolugu.ee\/wp-content\/uploads\/2025\/12\/autolugu-kolmnurk-golf-600x400.jpg 600w, https:\/\/autolugu.ee\/wp-content\/uploads\/2025\/12\/autolugu-kolmnurk-golf-300x200.jpg 300w, https:\/\/autolugu.ee\/wp-content\/uploads\/2025\/12\/autolugu-kolmnurk-golf-768x512.jpg 768w, https:\/\/autolugu.ee\/wp-content\/uploads\/2025\/12\/autolugu-kolmnurk-golf-18x12.jpg 18w, https:\/\/autolugu.ee\/wp-content\/uploads\/2025\/12\/autolugu-kolmnurk-golf.jpg 1536w\" sizes=\"(max-width: 1024px) 100vw, 1024px\" \/><span aria-hidden=\"true\" class=\"wp-block-cover__background has-background-dim-0 has-background-dim\" style=\"background-color:#d5d4d6\"><\/span><div class=\"wp-block-cover__inner-container is-layout-constrained wp-block-cover-is-layout-constrained\">\n<div style=\"height:240px\" aria-hidden=\"true\" class=\"wp-block-spacer is-style-default\"><\/div>\n<\/div><\/div>\n<\/div>\n<\/div>\n<\/div>\n\n\n\n<div class=\"wp-block-group alignfull is-style-ext-preset--group--natural-1--section has-background-background-color has-background is-layout-constrained wp-container-core-group-is-layout-e955bbaf wp-block-group-is-layout-constrained\" style=\"margin-top:0;margin-bottom:0;padding-top:var(--wp--preset--spacing--70);padding-bottom:var(--wp--preset--spacing--70)\">\n<div class=\"wp-block-group alignwide is-vertical is-layout-flex wp-container-core-group-is-layout-c35747d5 wp-block-group-is-layout-flex\">\n<div class=\"wp-block-group is-nowrap is-layout-flex wp-container-core-group-is-layout-6c531013 wp-block-group-is-layout-flex\">\n<div class=\"wp-block-group is-layout-constrained wp-container-core-group-is-layout-5e05634a wp-block-group-is-layout-constrained\">\n<h2 class=\"wp-block-heading\">Miks Autolugu.ee \u00fcldse s\u00fcndis?<\/h2>\n\n\n\n<p class=\"has-text-align-left\">Autolugu.ee was born from an unpleasant experience.<br>As they say, every cloud has a silver lining.<\/p>\n\n\n\n<p>Leidsin kunagi \u00fchest tuntud autom\u00fc\u00fcgiportaalist endale sobiva ja hea hinnaga auto. Ainus miinus oli see, et auto asus Tartus, samal ajal kui ise elasin Tallinnas. Enne vaatama minekut tegin k\u00f5ik tavap\u00e4rased kontrollid, mida iga ostuhuviline teeb: liikluskindlustuse fondi lehel avariisid kirjas ei olnud, \u00fclevaatused olid korrektselt l\u00e4bitud ning m\u00fc\u00fcja kinnitas telefoni teel, et auto on ideaalses seisukorras.<\/p>\n\n\n\n<p>Kuna k\u00f5ik tundus igati korrektne, ei j\u00e4\u00e4nud muud \u00fcle kui \u00fchel kaunil laup\u00e4eval rongipiletid osta ja Tartusse s\u00f5ita, lootuses, et tulen sealt tagasi juba oma uue autoga. P\u00e4ev algas h\u00e4sti, m\u00fc\u00fcja tuli rongijaama vastu, auto n\u00e4gi v\u00e4ga hea v\u00e4lja ja ka proovis\u00f5it ei andnud p\u00f5hjust kahtlusteks.<\/p>\n\n\n\n<p>Although everything seemed perfect, I decided to visit a repair shop just in case, so professionals could inspect the car. Since I don't know much about cars myself, this seemed like a sensible step, and in hindsight, it was the best decision that day.<\/p>\n\n\n\n<p>Remondit\u00f6\u00f6kojas selgus vaid m\u00f5ne minutiga, et auto oli l\u00e4bi teinud raske avarii, see oli kehvasti kokku pandud ning lisaks leiti mitmeid v\u00e4iksemaid ja suuremaid tehnilisi probleeme. Kokkuv\u00f5ttes oleks auto vajanud kohe v\u00e4ga suuri lisainvesteeringuid, v\u00e4hemalt samas ulatuses, kui oli auto enda hind.<\/p>\n\n\n\n<p>The purchase fell through.<br>Kahjuks oli selleks hetkeks raisatud terve p\u00e4ev, raha rongipiletitele ja ostueelsele kontrollile ning hulgaliselt energiat. Kahju ei olnud rahaliselt v\u00f5ib-olla tohutu, kuid selle aja ja rahaga oleks saanud teha midagi palju toredamat.<\/p>\n\n\n\n<p>Some time later, the car disappeared from sale. I still feel sorry for the person who eventually bought it. At that time, Autolugu.ee didn't exist yet \u2013 a place where I could have warned other potential buyers and saved them from a bad experience.<\/p>\n\n\n\n<p>Unfortunately, that experience wasn't the last. After that, I viewed several more cars, fortunately closer to home, but overall, they also consumed considerable time, money, and nerves. I've heard quite a few similar stories from my friends as well. Sometimes it seems that a large portion of cars on the market are simply \"patched up\" for sale, hoping to quickly find a victim and profit from the unfortunate.<\/p>\n\n\n\n<p>This is exactly why Autolugu.ee was born.<br>To save people's time, money, and nerves.<\/p>\n\n\n\n<p>My dream is that in the future, car owners themselves will add their cars here, along with honest information and, for example, a pre-purchase inspection report. This way, it will be easier for interested buyers to find a suitable and honest vehicle, and fraud will become increasingly difficult.<\/p>\n\n\n\n<p>And if someone doesn't want to share anything about their car's technical condition, then every potential buyer has a perfectly justified question: why not? <strong>miks?<\/strong><\/p>\n<\/div>\n<\/div>\n<\/div>\n<\/div>","protected":false},"excerpt":{"rendered":"<p>Iga inimene saab uurida auto ajalugu Autolugu.ee aitab sul enne auto ostmist uurida auto ajaloo kohta.Siin koguneb info konkreetsete autode kohta p\u00e4ris inimeste kogemuste p\u00f5hjal, et s\u00e4\u00e4sta ostjate aega, raha ja n\u00e4rve. Mis on Autolugu.ee? Autolugu.ee on kogukonnap\u00f5hine foorum, kus inimesed jagavad oma kogemusi konkreetsete autode kohta.Tegemist ei ole ametliku andmebaasiga, v\u00e4\u00e4rtus s\u00fcnnib inimeste t\u00e4helepanekutest, [&hellip;]<\/p>\n","protected":false},"author":1,"featured_media":0,"parent":0,"menu_order":0,"comment_status":"closed","ping_status":"closed","template":"page-with-title","meta":{"footnotes":""},"class_list":["post-21","page","type-page","status-publish","hentry"],"aioseo_notices":[],"_links":{"self":[{"href":"https:\/\/autolugu.ee\/en\/wp-json\/wp\/v2\/pages\/21","targetHints":{"allow":["GET"]}}],"collection":[{"href":"https:\/\/autolugu.ee\/en\/wp-json\/wp\/v2\/pages"}],"about":[{"href":"https:\/\/autolugu.ee\/en\/wp-json\/wp\/v2\/types\/page"}],"author":[{"embeddable":true,"href":"https:\/\/autolugu.ee\/en\/wp-json\/wp\/v2\/users\/1"}],"replies":[{"embeddable":true,"href":"https:\/\/autolugu.ee\/en\/wp-json\/wp\/v2\/comments?post=21"}],"version-history":[{"count":12,"href":"https:\/\/autolugu.ee\/en\/wp-json\/wp\/v2\/pages\/21\/revisions"}],"predecessor-version":[{"id":162,"href":"https:\/\/autolugu.ee\/en\/wp-json\/wp\/v2\/pages\/21\/revisions\/162"}],"wp:attachment":[{"href":"https:\/\/autolugu.ee\/en\/wp-json\/wp\/v2\/media?parent=21"}],"curies":[{"name":"wp","href":"https:\/\/api.w.org\/{rel}","templated":true}]}}